{"id":15,"date":"2025-08-04T07:37:11","date_gmt":"2025-08-04T07:37:11","guid":{"rendered":"https:\/\/ceramique.digitaldockyard.nl\/?page_id=15"},"modified":"2025-09-22T06:58:27","modified_gmt":"2025-09-22T06:58:27","slug":"la-ceramique","status":"publish","type":"page","link":"https:\/\/laceramique.com\/nl\/","title":{"rendered":"De Ceramiek"},"content":{"rendered":"<div data-elementor-type=\"wp-page\" data-elementor-id=\"15\" class=\"elementor elementor-15\" data-elementor-post-type=\"page\">\n\t\t\t\t<div class=\"elementor-element elementor-element-17d5f33d e-flex e-con-boxed e-con e-parent\" data-id=\"17d5f33d\" data-element_type=\"container\" data-e-type=\"container\" data-settings=\"{&quot;background_background&quot;:&quot;classic&quot;}\">\n\t\t\t\t\t<div class=\"e-con-inner\">\n\t\t\t\t<div class=\"elementor-element elementor-element-5446c963 elementor-invisible elementor-widget elementor-widget-heading\" data-id=\"5446c963\" data-element_type=\"widget\" data-e-type=\"widget\" data-settings=\"{&quot;_animation&quot;:&quot;fadeInLeft&quot;,&quot;_animation_mobile&quot;:&quot;none&quot;}\" data-widget_type=\"heading.default\">\n\t\t\t\t\t<h2 class=\"elementor-heading-title elementor-size-default\">Keramiekcursussen in Zuid-Frankrijk<\/h2>\t\t\t\t<\/div>\n\t\t\t\t<div class=\"elementor-element elementor-element-3829fdda elementor-invisible elementor-widget elementor-widget-heading\" data-id=\"3829fdda\" data-element_type=\"widget\" data-e-type=\"widget\" data-settings=\"{&quot;_animation&quot;:&quot;fadeInRight&quot;}\" data-widget_type=\"heading.default\">\n\t\t\t\t\t<h1 class=\"elementor-heading-title elementor-size-default\">La C\u00e9ramique<\/h1>\t\t\t\t<\/div>\n\t\t\t\t<div class=\"elementor-element elementor-element-cf3062c elementor-widget-divider--view-line elementor-invisible elementor-widget elementor-widget-divider\" data-id=\"cf3062c\" data-element_type=\"widget\" data-e-type=\"widget\" data-settings=\"{&quot;_animation&quot;:&quot;fadeInUp&quot;,&quot;_animation_mobile&quot;:&quot;none&quot;}\" data-widget_type=\"divider.default\">\n\t\t\t\t\t\t\t<div class=\"elementor-divider\">\n\t\t\t<span class=\"elementor-divider-separator\">\n\t\t\t\t\t\t<\/span>\n\t\t<\/div>\n\t\t\t\t\t\t<\/div>\n\t\t\t\t<div class=\"elementor-element elementor-element-6905b77d elementor-widget__width-initial elementor-widget-mobile__width-inherit elementor-widget elementor-widget-text-editor\" data-id=\"6905b77d\" data-element_type=\"widget\" data-e-type=\"widget\" data-widget_type=\"text-editor.default\">\n\t\t\t\t\t\t\t\t\t<p>Welkom in onze wereld van klei, draaien, glazuren en bakken; van aardewerk, steengoed en porselein; van rust en ontspanning; van zonnebaden bij het zwembad en van lekker eten.<br \/>Bij onze keramiekcursussen streven we ernaar om je leerervaring te maximaliseren. Het gaat niet om de hoeveelheid keramiek die je mee naar huis neemt, maar om de kwaliteit van de kennis die je opdoet. We zorgen ervoor dat iedereen met een paar prachtig vervaardigde stukken naar huis gaat om te koesteren.<\/p>\t\t\t\t\t\t\t\t<\/div>\n\t\t\t\t<div class=\"elementor-element elementor-element-30681603 elementor-widget elementor-widget-button\" data-id=\"30681603\" data-element_type=\"widget\" data-e-type=\"widget\" data-widget_type=\"button.default\">\n\t\t\t\t\t\t\t\t\t\t<a class=\"elementor-button elementor-button-link elementor-size-sm elementor-animation-float\" href=\"https:\/\/laceramique.com\/nl\/agenda\/\">\n\t\t\t\t\t\t<span class=\"elementor-button-content-wrapper\">\n\t\t\t\t\t\t\t\t\t<span class=\"elementor-button-text\">Agenda 2026<\/span>\n\t\t\t\t\t<\/span>\n\t\t\t\t\t<\/a>\n\t\t\t\t\t\t\t\t<\/div>\n\t\t\t\t\t<\/div>\n\t\t\t\t<\/div>\n\t\t<div class=\"elementor-element elementor-element-19e28b3 e-flex e-con-boxed e-con e-parent\" data-id=\"19e28b3\" data-element_type=\"container\" data-e-type=\"container\">\n\t\t\t\t\t<div class=\"e-con-inner\">\n\t\t<div class=\"elementor-element elementor-element-1c1f814 e-con-full e-flex elementor-invisible e-con e-child\" data-id=\"1c1f814\" data-element_type=\"container\" data-e-type=\"container\" data-settings=\"{&quot;animation&quot;:&quot;fadeInLeft&quot;,&quot;animation_mobile&quot;:&quot;none&quot;}\">\n\t\t\t\t<div class=\"elementor-element elementor-element-75cb5e9 elementor-position-top elementor-widget elementor-widget-image-box\" data-id=\"75cb5e9\" data-element_type=\"widget\" data-e-type=\"widget\" data-widget_type=\"image-box.default\">\n\t\t\t\t\t<div class=\"elementor-image-box-wrapper\"><figure class=\"elementor-image-box-img\"><img fetchpriority=\"high\" decoding=\"async\" width=\"1600\" height=\"1067\" src=\"https:\/\/laceramique.com\/wp-content\/uploads\/2025\/08\/la-ceramique-apr-mei-2024-391.jpg\" class=\"attachment-full size-full wp-image-70\" alt=\"\" srcset=\"https:\/\/laceramique.com\/wp-content\/uploads\/2025\/08\/la-ceramique-apr-mei-2024-391.jpg 1600w, https:\/\/laceramique.com\/wp-content\/uploads\/2025\/08\/la-ceramique-apr-mei-2024-391-600x400.jpg 600w, https:\/\/laceramique.com\/wp-content\/uploads\/2025\/08\/la-ceramique-apr-mei-2024-391-300x200.jpg 300w, https:\/\/laceramique.com\/wp-content\/uploads\/2025\/08\/la-ceramique-apr-mei-2024-391-1024x683.jpg 1024w, https:\/\/laceramique.com\/wp-content\/uploads\/2025\/08\/la-ceramique-apr-mei-2024-391-768x512.jpg 768w, https:\/\/laceramique.com\/wp-content\/uploads\/2025\/08\/la-ceramique-apr-mei-2024-391-1536x1024.jpg 1536w\" sizes=\"(max-width: 1600px) 100vw, 1600px\" \/><\/figure><div class=\"elementor-image-box-content\"><h3 class=\"elementor-image-box-title\">Leren<\/h3><p class=\"elementor-image-box-description\">Bij ons werk je in kleine groepjes en op een ontspannen manier. Het programma wordt qua inhoud, intensiteit en taal aan jou aangepast. Je kunt bij ons de basisbeginselen van het pottenbakken leren of je keramische vaardigheden perfectioneren. Voor de cursussen met gastdocenten is vaak enige voorkennis vereist.<\/p><\/div><\/div>\t\t\t\t<\/div>\n\t\t\t\t<\/div>\n\t\t<div class=\"elementor-element elementor-element-5af30c6 e-con-full e-flex elementor-invisible e-con e-child\" data-id=\"5af30c6\" data-element_type=\"container\" data-e-type=\"container\" data-settings=\"{&quot;animation&quot;:&quot;fadeInRight&quot;,&quot;animation_mobile&quot;:&quot;none&quot;}\">\n\t\t\t\t<div class=\"elementor-element elementor-element-ed20467 elementor-position-top elementor-widget elementor-widget-image-box\" data-id=\"ed20467\" data-element_type=\"widget\" data-e-type=\"widget\" data-widget_type=\"image-box.default\">\n\t\t\t\t\t<div class=\"elementor-image-box-wrapper\"><figure class=\"elementor-image-box-img\"><img decoding=\"async\" width=\"832\" height=\"1024\" src=\"https:\/\/laceramique.com\/wp-content\/uploads\/2025\/08\/7e143b80-dec7-4f60-8f9d-022f2ca8f5cc.jpg\" class=\"attachment-full size-full wp-image-71\" alt=\"\" srcset=\"https:\/\/laceramique.com\/wp-content\/uploads\/2025\/08\/7e143b80-dec7-4f60-8f9d-022f2ca8f5cc.jpg 832w, https:\/\/laceramique.com\/wp-content\/uploads\/2025\/08\/7e143b80-dec7-4f60-8f9d-022f2ca8f5cc-600x738.jpg 600w, https:\/\/laceramique.com\/wp-content\/uploads\/2025\/08\/7e143b80-dec7-4f60-8f9d-022f2ca8f5cc-244x300.jpg 244w, https:\/\/laceramique.com\/wp-content\/uploads\/2025\/08\/7e143b80-dec7-4f60-8f9d-022f2ca8f5cc-768x945.jpg 768w\" sizes=\"(max-width: 832px) 100vw, 832px\" \/><\/figure><div class=\"elementor-image-box-content\"><h3 class=\"elementor-image-box-title\">Genieten<\/h3><p class=\"elementor-image-box-description\">La C\u00e9ramique vind je in de Zuid-Franse heuvels van de Tarn, net buiten het historische vestingstadje Cordes-sur-Ciel. Ervaar het zelf: keramiek en art de vivre gaan hier hand in hand!<\/p><\/div><\/div>\t\t\t\t<\/div>\n\t\t\t\t<\/div>\n\t\t<div class=\"elementor-element elementor-element-04431a2 e-con-full e-flex elementor-invisible e-con e-child\" data-id=\"04431a2\" data-element_type=\"container\" data-e-type=\"container\" data-settings=\"{&quot;animation&quot;:&quot;fadeInLeft&quot;,&quot;animation_mobile&quot;:&quot;none&quot;}\">\n\t\t\t\t<div class=\"elementor-element elementor-element-5cd34c2 elementor-position-top elementor-widget elementor-widget-image-box\" data-id=\"5cd34c2\" data-element_type=\"widget\" data-e-type=\"widget\" data-widget_type=\"image-box.default\">\n\t\t\t\t\t<div class=\"elementor-image-box-wrapper\"><figure class=\"elementor-image-box-img\"><img decoding=\"async\" width=\"1334\" height=\"2000\" src=\"https:\/\/laceramique.com\/wp-content\/uploads\/2025\/08\/Afbeelding20.jpg\" class=\"attachment-full size-full wp-image-68\" alt=\"\" srcset=\"https:\/\/laceramique.com\/wp-content\/uploads\/2025\/08\/Afbeelding20.jpg 1334w, https:\/\/laceramique.com\/wp-content\/uploads\/2025\/08\/Afbeelding20-600x900.jpg 600w, https:\/\/laceramique.com\/wp-content\/uploads\/2025\/08\/Afbeelding20-200x300.jpg 200w, https:\/\/laceramique.com\/wp-content\/uploads\/2025\/08\/Afbeelding20-683x1024.jpg 683w, https:\/\/laceramique.com\/wp-content\/uploads\/2025\/08\/Afbeelding20-768x1151.jpg 768w, https:\/\/laceramique.com\/wp-content\/uploads\/2025\/08\/Afbeelding20-1025x1536.jpg 1025w\" sizes=\"(max-width: 1334px) 100vw, 1334px\" \/><\/figure><div class=\"elementor-image-box-content\"><h3 class=\"elementor-image-box-title\">Verblijf<\/h3><p class=\"elementor-image-box-description\">Natuurlijk ben je niet alleen bij ons om te werken. Je kunt op veel plekken op ons terrein zitten en genieten van het uitzicht. We hebben drie verschillende eetgelegenheden: binnen, buiten onder de bomen of buiten op het terras. Wat dacht je van een verfrissende duik in het zwembad? Oh, en natuurlijk hebben we gratis wifi. Je overnacht bij La C\u00e9ramique in je eigen tent of caravan of - tegen betaling - in een eenvoudige kamer. We hebben een-, twee- en driepersoonskamers. Het sanitair bestaat uit toiletten en douches voor gemeenschappelijk gebruik. Huisdieren zijn in overleg toegestaan.<\/p><\/div><\/div>\t\t\t\t<\/div>\n\t\t\t\t<div class=\"elementor-element elementor-element-ce2678e elementor-align-center elementor-widget elementor-widget-button\" data-id=\"ce2678e\" data-element_type=\"widget\" data-e-type=\"widget\" data-widget_type=\"button.default\">\n\t\t\t\t\t\t\t\t\t\t<a class=\"elementor-button elementor-button-link elementor-size-sm elementor-animation-float\" href=\"https:\/\/laceramique.com\/nl\/stay\/\">\n\t\t\t\t\t\t<span class=\"elementor-button-content-wrapper\">\n\t\t\t\t\t\t\t\t\t<span class=\"elementor-button-text\">Meer informatie<\/span>\n\t\t\t\t\t<\/span>\n\t\t\t\t\t<\/a>\n\t\t\t\t\t\t\t\t<\/div>\n\t\t\t\t<\/div>\n\t\t<div class=\"elementor-element elementor-element-c9f1c7d e-con-full e-flex elementor-invisible e-con e-child\" data-id=\"c9f1c7d\" data-element_type=\"container\" data-e-type=\"container\" data-settings=\"{&quot;animation&quot;:&quot;fadeInRight&quot;,&quot;animation_mobile&quot;:&quot;none&quot;}\">\n\t\t\t\t<div class=\"elementor-element elementor-element-fc496e9 elementor-position-top elementor-widget elementor-widget-image-box\" data-id=\"fc496e9\" data-element_type=\"widget\" data-e-type=\"widget\" data-widget_type=\"image-box.default\">\n\t\t\t\t\t<div class=\"elementor-image-box-wrapper\"><figure class=\"elementor-image-box-img\"><img loading=\"lazy\" decoding=\"async\" width=\"1244\" height=\"2560\" src=\"https:\/\/laceramique.com\/wp-content\/uploads\/2025\/08\/20230626_200743-scaled.jpg\" class=\"attachment-full size-full wp-image-72\" alt=\"\" srcset=\"https:\/\/laceramique.com\/wp-content\/uploads\/2025\/08\/20230626_200743-scaled.jpg 1244w, https:\/\/laceramique.com\/wp-content\/uploads\/2025\/08\/20230626_200743-scaled-600x1235.jpg 600w, https:\/\/laceramique.com\/wp-content\/uploads\/2025\/08\/20230626_200743-146x300.jpg 146w, https:\/\/laceramique.com\/wp-content\/uploads\/2025\/08\/20230626_200743-498x1024.jpg 498w, https:\/\/laceramique.com\/wp-content\/uploads\/2025\/08\/20230626_200743-768x1580.jpg 768w, https:\/\/laceramique.com\/wp-content\/uploads\/2025\/08\/20230626_200743-747x1536.jpg 747w\" sizes=\"(max-width: 1244px) 100vw, 1244px\" \/><\/figure><div class=\"elementor-image-box-content\"><h3 class=\"elementor-image-box-title\">Eten<\/h3><p class=\"elementor-image-box-description\">Wij eten op z'n Frans: een eenvoudig ontbijt, een warme lunch met twee gangen en een driegangendiner. We houden zoveel mogelijk rekening met speciale dieetwensen. Een vegetarische maaltijd is geen enkel probleem. Lactose- en glutenvrije di\u00ebten zijn meestal haalbaar, maar niet altijd. Neem daarom v\u00f3\u00f3r je inschrijving contact met ons op als je een dieet volgt.\n\n<\/p><\/div><\/div>\t\t\t\t<\/div>\n\t\t\t\t<div class=\"elementor-element elementor-element-ed85397 elementor-align-center elementor-widget elementor-widget-button\" data-id=\"ed85397\" data-element_type=\"widget\" data-e-type=\"widget\" data-widget_type=\"button.default\">\n\t\t\t\t\t\t\t\t\t\t<a class=\"elementor-button elementor-button-link elementor-size-sm elementor-animation-float\" href=\"https:\/\/laceramique.com\/nl\/food\/\">\n\t\t\t\t\t\t<span class=\"elementor-button-content-wrapper\">\n\t\t\t\t\t\t\t\t\t<span class=\"elementor-button-text\">Meer informatie<\/span>\n\t\t\t\t\t<\/span>\n\t\t\t\t\t<\/a>\n\t\t\t\t\t\t\t\t<\/div>\n\t\t\t\t<\/div>\n\t\t\t\t\t<\/div>\n\t\t\t\t<\/div>\n\t\t<div class=\"elementor-element elementor-element-703e0b3 e-flex e-con-boxed elementor-invisible e-con e-parent\" data-id=\"703e0b3\" data-element_type=\"container\" data-e-type=\"container\" data-settings=\"{&quot;animation&quot;:&quot;fadeInUp&quot;,&quot;animation_mobile&quot;:&quot;none&quot;}\">\n\t\t\t\t\t<div class=\"e-con-inner\">\n\t\t\t\t<div class=\"elementor-element elementor-element-8ff9707 elementor-widget elementor-widget-heading\" data-id=\"8ff9707\" data-element_type=\"widget\" data-e-type=\"widget\" data-widget_type=\"heading.default\">\n\t\t\t\t\t<h3 class=\"elementor-heading-title elementor-size-default\">Contactgegevens<\/h3>\t\t\t\t<\/div>\n\t\t\t\t<div class=\"elementor-element elementor-element-fce9f88 elementor-widget elementor-widget-google_maps\" data-id=\"fce9f88\" data-element_type=\"widget\" data-e-type=\"widget\" data-widget_type=\"google_maps.default\">\n\t\t\t\t\t\t\t<div class=\"elementor-custom-embed\">\n\t\t\t<iframe loading=\"lazy\"\n\t\t\t\t\tsrc=\"https:\/\/maps.google.com\/maps?q=Route%20de%20boisse%201628%2081170%20Cordes%20sur%20Ciel%20France&#038;t=m&#038;z=11&#038;output=embed&#038;iwloc=near\"\n\t\t\t\t\ttitle=\"Route de boisse 1628 81170 Cordes sur Ciel Frankrijk\"\n\t\t\t\t\taria-label=\"Route de boisse 1628 81170 Cordes sur Ciel Frankrijk\"\n\t\t\t><\/iframe>\n\t\t<\/div>\n\t\t\t\t\t\t<\/div>\n\t\t\t\t\t<\/div>\n\t\t\t\t<\/div>\n\t\t<div class=\"elementor-element elementor-element-7cde08c e-flex e-con-boxed e-con e-parent\" data-id=\"7cde08c\" data-element_type=\"container\" data-e-type=\"container\">\n\t\t\t\t\t<div class=\"e-con-inner\">\n\t\t<div class=\"elementor-element elementor-element-d091bf4 e-con-full e-flex elementor-invisible e-con e-child\" data-id=\"d091bf4\" data-element_type=\"container\" data-e-type=\"container\" data-settings=\"{&quot;background_background&quot;:&quot;classic&quot;,&quot;animation&quot;:&quot;fadeInLeft&quot;,&quot;animation_mobile&quot;:&quot;none&quot;}\">\n\t\t\t\t<div class=\"elementor-element elementor-element-47ff82a elementor-widget elementor-widget-heading\" data-id=\"47ff82a\" data-element_type=\"widget\" data-e-type=\"widget\" data-widget_type=\"heading.default\">\n\t\t\t\t\t<h4 class=\"elementor-heading-title elementor-size-default\">Contact<\/h4>\t\t\t\t<\/div>\n\t\t\t\t<div class=\"elementor-element elementor-element-9f60937 elementor-widget-divider--view-line elementor-widget elementor-widget-divider\" data-id=\"9f60937\" data-element_type=\"widget\" data-e-type=\"widget\" data-widget_type=\"divider.default\">\n\t\t\t\t\t\t\t<div class=\"elementor-divider\">\n\t\t\t<span class=\"elementor-divider-separator\">\n\t\t\t\t\t\t<\/span>\n\t\t<\/div>\n\t\t\t\t\t\t<\/div>\n\t\t\t\t<div class=\"elementor-element elementor-element-ebabfde elementor-widget elementor-widget-text-editor\" data-id=\"ebabfde\" data-element_type=\"widget\" data-e-type=\"widget\" data-widget_type=\"text-editor.default\">\n\t\t\t\t\t\t\t\t\t<p>info@laceramique.com<br \/>0033 563537297<\/p>\t\t\t\t\t\t\t\t<\/div>\n\t\t\t\t<\/div>\n\t\t<div class=\"elementor-element elementor-element-be6ac39 e-con-full e-flex elementor-invisible e-con e-child\" data-id=\"be6ac39\" data-element_type=\"container\" data-e-type=\"container\" data-settings=\"{&quot;background_background&quot;:&quot;classic&quot;,&quot;animation&quot;:&quot;fadeInLeft&quot;,&quot;animation_delay&quot;:100,&quot;animation_mobile&quot;:&quot;none&quot;}\">\n\t\t\t\t<div class=\"elementor-element elementor-element-5e6d3bf elementor-widget elementor-widget-heading\" data-id=\"5e6d3bf\" data-element_type=\"widget\" data-e-type=\"widget\" data-widget_type=\"heading.default\">\n\t\t\t\t\t<h4 class=\"elementor-heading-title elementor-size-default\">Openingstijden<\/h4>\t\t\t\t<\/div>\n\t\t\t\t<div class=\"elementor-element elementor-element-26b1515 elementor-widget-divider--view-line elementor-widget elementor-widget-divider\" data-id=\"26b1515\" data-element_type=\"widget\" data-e-type=\"widget\" data-widget_type=\"divider.default\">\n\t\t\t\t\t\t\t<div class=\"elementor-divider\">\n\t\t\t<span class=\"elementor-divider-separator\">\n\t\t\t\t\t\t<\/span>\n\t\t<\/div>\n\t\t\t\t\t\t<\/div>\n\t\t\t\t<div class=\"elementor-element elementor-element-85e62ac elementor-widget elementor-widget-text-editor\" data-id=\"85e62ac\" data-element_type=\"widget\" data-e-type=\"widget\" data-widget_type=\"text-editor.default\">\n\t\t\t\t\t\t\t\t\t<p>aankomst na 18:00 uur<br \/>vertrekken voor 10:00 uur<\/p>\t\t\t\t\t\t\t\t<\/div>\n\t\t\t\t<\/div>\n\t\t<div class=\"elementor-element elementor-element-5ace538 e-con-full e-flex elementor-invisible e-con e-child\" data-id=\"5ace538\" data-element_type=\"container\" data-e-type=\"container\" data-settings=\"{&quot;background_background&quot;:&quot;classic&quot;,&quot;animation&quot;:&quot;fadeInLeft&quot;,&quot;animation_delay&quot;:200,&quot;animation_mobile&quot;:&quot;none&quot;}\">\n\t\t\t\t<div class=\"elementor-element elementor-element-a05423c elementor-widget elementor-widget-heading\" data-id=\"a05423c\" data-element_type=\"widget\" data-e-type=\"widget\" data-widget_type=\"heading.default\">\n\t\t\t\t\t<h4 class=\"elementor-heading-title elementor-size-default\">Adres<\/h4>\t\t\t\t<\/div>\n\t\t\t\t<div class=\"elementor-element elementor-element-bb687cf elementor-widget-divider--view-line elementor-widget elementor-widget-divider\" data-id=\"bb687cf\" data-element_type=\"widget\" data-e-type=\"widget\" data-widget_type=\"divider.default\">\n\t\t\t\t\t\t\t<div class=\"elementor-divider\">\n\t\t\t<span class=\"elementor-divider-separator\">\n\t\t\t\t\t\t<\/span>\n\t\t<\/div>\n\t\t\t\t\t\t<\/div>\n\t\t\t\t<div class=\"elementor-element elementor-element-ded3e44 elementor-widget elementor-widget-text-editor\" data-id=\"ded3e44\" data-element_type=\"widget\" data-e-type=\"widget\" data-widget_type=\"text-editor.default\">\n\t\t\t\t\t\t\t\t\t<p>1628 Route de Boisse\u00a0<br \/>81170 Cordes sur Ciel<br \/>Frankrijk<\/p>\t\t\t\t\t\t\t\t<\/div>\n\t\t\t\t<\/div>\n\t\t\t\t\t<\/div>\n\t\t\t\t<\/div>\n\t\t<div class=\"elementor-element elementor-element-5942946 e-flex e-con-boxed e-con e-parent\" data-id=\"5942946\" data-element_type=\"container\" data-e-type=\"container\">\n\t\t\t\t\t<div class=\"e-con-inner\">\n\t\t<div class=\"elementor-element elementor-element-5b4c54f e-con-full e-flex elementor-invisible e-con e-child\" data-id=\"5b4c54f\" data-element_type=\"container\" data-e-type=\"container\" data-settings=\"{&quot;background_background&quot;:&quot;classic&quot;,&quot;animation&quot;:&quot;fadeInUp&quot;,&quot;animation_mobile&quot;:&quot;none&quot;}\">\n\t\t\t\t<\/div>\n\t\t<div class=\"elementor-element elementor-element-2982435 e-con-full e-flex e-con e-child\" data-id=\"2982435\" data-element_type=\"container\" data-e-type=\"container\">\n\t\t\t\t<div class=\"elementor-element elementor-element-d8cda36 elementor-widget elementor-widget-heading\" data-id=\"d8cda36\" data-element_type=\"widget\" data-e-type=\"widget\" data-widget_type=\"heading.default\">\n\t\t\t\t\t<h2 class=\"elementor-heading-title elementor-size-default\">Agenda<\/h2>\t\t\t\t<\/div>\n\t\t\t\t<div class=\"elementor-element elementor-element-a7251c6 elementor-widget elementor-widget-heading\" data-id=\"a7251c6\" data-element_type=\"widget\" data-e-type=\"widget\" data-widget_type=\"heading.default\">\n\t\t\t\t\t<h2 class=\"elementor-heading-title elementor-size-default\">Cursussen<\/h2>\t\t\t\t<\/div>\n\t\t\t\t<div class=\"elementor-element elementor-element-be0d18d elementor-widget elementor-widget-text-editor\" data-id=\"be0d18d\" data-element_type=\"widget\" data-e-type=\"widget\" data-widget_type=\"text-editor.default\">\n\t\t\t\t\t\t\t\t\t<p>Of je nu een beginner bent die graag aan de slag wil of een ervaren keramist die zijn vaardigheden wil verfijnen: onze gastdocenten staan klaar om je bij elke stap te begeleiden en te inspireren.<br \/>Ze hebben verschillende achtergronden en brengen een breed scala aan artistieke perspectieven met zich mee, waardoor je altijd iets nieuws en interessants te leren zult vinden<\/p>\t\t\t\t\t\t\t\t<\/div>\n\t\t\t\t<div class=\"elementor-element elementor-element-c410d95 elementor-align-left elementor-widget elementor-widget-button\" data-id=\"c410d95\" data-element_type=\"widget\" data-e-type=\"widget\" data-widget_type=\"button.default\">\n\t\t\t\t\t\t\t\t\t\t<a class=\"elementor-button elementor-button-link elementor-size-sm elementor-animation-float\" href=\"https:\/\/laceramique.com\/nl\/agenda\/\">\n\t\t\t\t\t\t<span class=\"elementor-button-content-wrapper\">\n\t\t\t\t\t\t\t\t\t<span class=\"elementor-button-text\">Agenda 2026<\/span>\n\t\t\t\t\t<\/span>\n\t\t\t\t\t<\/a>\n\t\t\t\t\t\t\t\t<\/div>\n\t\t\t\t<\/div>\n\t\t\t\t\t<\/div>\n\t\t\t\t<\/div>\n\t\t\t\t<\/div>","protected":false},"excerpt":{"rendered":"<p>Ceramic courses in Southern-France La C\u00e9ramique Welcome to our world of clay, throwing, glazing and firing; of pottery, stoneware and porcelain; of rest and relaxation; of sunbathing by the pool and good food.At our ceramic courses, our aim is to maximize your learning experience. It&#8217;s not about the quantity of ceramics you take home, but [&hellip;]<\/p>\n","protected":false},"author":1,"featured_media":0,"parent":0,"menu_order":0,"comment_status":"closed","ping_status":"closed","template":"elementor_header_footer","meta":{"_acf_changed":false,"footnotes":""},"class_list":["post-15","page","type-page","status-publish","hentry"],"acf":[],"_links":{"self":[{"href":"https:\/\/laceramique.com\/nl\/wp-json\/wp\/v2\/pages\/15","targetHints":{"allow":["GET"]}}],"collection":[{"href":"https:\/\/laceramique.com\/nl\/wp-json\/wp\/v2\/pages"}],"about":[{"href":"https:\/\/laceramique.com\/nl\/wp-json\/wp\/v2\/types\/page"}],"author":[{"embeddable":true,"href":"https:\/\/laceramique.com\/nl\/wp-json\/wp\/v2\/users\/1"}],"replies":[{"embeddable":true,"href":"https:\/\/laceramique.com\/nl\/wp-json\/wp\/v2\/comments?post=15"}],"version-history":[{"count":170,"href":"https:\/\/laceramique.com\/nl\/wp-json\/wp\/v2\/pages\/15\/revisions"}],"predecessor-version":[{"id":1334,"href":"https:\/\/laceramique.com\/nl\/wp-json\/wp\/v2\/pages\/15\/revisions\/1334"}],"wp:attachment":[{"href":"https:\/\/laceramique.com\/nl\/wp-json\/wp\/v2\/media?parent=15"}],"curies":[{"name":"wp","href":"https:\/\/api.w.org\/{rel}","templated":true}]}}