{"id":1103,"date":"2025-09-01T10:41:04","date_gmt":"2025-09-01T10:41:04","guid":{"rendered":"https:\/\/ceramique.digitaldockyard.nl\/?post_type=product&#038;p=1103"},"modified":"2026-03-18T08:28:58","modified_gmt":"2026-03-18T08:28:58","slug":"10-07-18-07-instructor-eric-faure-hosts-jet-loes","status":"publish","type":"product","link":"https:\/\/laceramique.com\/nl\/product\/10-07-18-07-instructor-eric-faure-hosts-jet-loes\/","title":{"rendered":"10-07 \/ 18-07 | Instructeur: Eric Faure | Gastheren: Jet &amp; Loes | Compleet"},"content":{"rendered":"<h3 class=\"text-align-center\"><!--block-->Begint op de avond van 10 juli tot en met de ochtend van 18 juli 2026.<\/h3>\n<h3 class=\"text-align-center\"><!--block-->De prijs van de keramiekcursus bedraagt \u20ac 1120. Om uw plaats te reserveren, dient u bij inschrijving een aanbetaling van \u20ac 200 te voldoen. U kunt het resterende bedrag tot twee weken voor aanvang van de cursus voldoen, of contant betalen bij aankomst in Cordes sur Ciel. U kunt ons per e-mail uw voorkeursbetaalmethode doorgeven.<\/h3>\n<p><strong> Faure<\/strong> is een keramist gevestigd in Saint-Antonin-Noble-Val, 25 km van Cordes-sur-Ciel. Hij werkt voornamelijk met porselein, gevormd op de pottenbakkersschijf.<\/p>\n<p>Eenmaal gedraaied, worden de stukken subtiel gesneden, gemodelleerd of van textuur voorzien. Elke creatie wordt uniek gemaakt, \u00e9\u00e9n voor \u00e9\u00e9n, zonder beperkingen. Eric omarmt de unieke uitdagingen en kenmerken van porselein. Voor hem draagt elk gebaar een intentie met zich mee, die een zichtbare impact op de klei achterlaat. Wat als 'imperfecties' zou kunnen worden beschouwd, wordt onderdeel van zijn speelse interpretatie, waardoor elk stuk een eigen identiteit en een gevoel van opzettelijke onvolledigheid of kwetsbaarheid krijgt.<\/p>\n<p>Licht is zijn belangrijkste inspiratiebron. In een eerder hoofdstuk van zijn leven beheerste hij licht door middel van fotografie, en het blijft zijn keramische werk sturen. Zijn oppervlakken, hoewel vrij van decoratie, zijn niet minder picturaal: soms geglazuurd, soms ruw, altijd licht vangend en spelend met doorschijnendheid, schaduw en schittering.<\/p>\n<p>Eric heeft een voorliefde voor gebruiksvoorwerpen \u2013 kommen, theepotten, schalen, borden \u2013 maar zijn sculpturale creaties ademen een even sterk gevoel van bruikbaarheid. Voor hem zijn functie en expressie onlosmakelijk met elkaar verbonden. Een kom kan zijn doel dienen, maar zijn uniciteit drukt ook de artistieke intentie van de pottenbakker uit.<\/p>\n<p>Zijn meer sculpturale werken zijn vaak slank en langgerekt, als vormen die naar het licht reiken. Totemvazen, ivoren torens of torens van Babel \u2013 ze nodigen allemaal uit tot reflectie op onze plaats binnen menselijke constructies.<\/p>\n<p>In deze voortdurende dialoog tussen materiaal en gebaar zoekt Eric Faure naar emotie, subtiliteit en een singulariteit die diepe weerklank vindt bij iedere toeschouwer.<\/p>\n<p><strong>Let op:<\/strong> de cursus met Eric wordt in het Frans gegeven, en <strong>Ervaring met draaien is vereist.<\/strong><\/p>","protected":false},"excerpt":{"rendered":"<p>Starts in the evening July 10 until the morning of July 18, 2026. The Ceramic Course is priced at \u20ac1120. To secure your spot, a \u20ac200 advance payment is required upon registration. You have the option to settle the remaining balance up to two weeks before the course commencement, or you can also choose to [&hellip;]<\/p>\n","protected":false},"featured_media":1108,"template":"","meta":{"_acf_changed":false},"product_brand":[],"product_cat":[31,21],"product_tag":[],"class_list":{"0":"post-1103","1":"product","2":"type-product","3":"status-publish","4":"has-post-thumbnail","6":"product_cat-july","7":"product_cat-workshops","9":"first","10":"outofstock","11":"taxable","12":"shipping-taxable","13":"purchasable","14":"product-type-variable"},"acf":[],"_links":{"self":[{"href":"https:\/\/laceramique.com\/nl\/wp-json\/wp\/v2\/product\/1103","targetHints":{"allow":["GET"]}}],"collection":[{"href":"https:\/\/laceramique.com\/nl\/wp-json\/wp\/v2\/product"}],"about":[{"href":"https:\/\/laceramique.com\/nl\/wp-json\/wp\/v2\/types\/product"}],"version-history":[{"count":6,"href":"https:\/\/laceramique.com\/nl\/wp-json\/wp\/v2\/product\/1103\/revisions"}],"predecessor-version":[{"id":1766,"href":"https:\/\/laceramique.com\/nl\/wp-json\/wp\/v2\/product\/1103\/revisions\/1766"}],"wp:featuredmedia":[{"embeddable":true,"href":"https:\/\/laceramique.com\/nl\/wp-json\/wp\/v2\/media\/1108"}],"wp:attachment":[{"href":"https:\/\/laceramique.com\/nl\/wp-json\/wp\/v2\/media?parent=1103"}],"wp:term":[{"taxonomy":"product_brand","embeddable":true,"href":"https:\/\/laceramique.com\/nl\/wp-json\/wp\/v2\/product_brand?post=1103"},{"taxonomy":"product_cat","embeddable":true,"href":"https:\/\/laceramique.com\/nl\/wp-json\/wp\/v2\/product_cat?post=1103"},{"taxonomy":"product_tag","embeddable":true,"href":"https:\/\/laceramique.com\/nl\/wp-json\/wp\/v2\/product_tag?post=1103"}],"curies":[{"name":"wp","href":"https:\/\/api.w.org\/{rel}","templated":true}]}}